{"id":1161,"date":"2018-10-12T18:49:48","date_gmt":"2018-10-12T18:49:48","guid":{"rendered":"https:\/\/myinnerme.com\/tanken-bag\/"},"modified":"2021-09-21T10:27:27","modified_gmt":"2021-09-21T08:27:27","slug":"tanken-bakom","status":"publish","type":"page","link":"https:\/\/myinnerme.com\/sv\/tanken-bakom\/","title":{"rendered":"Tanken bakom"},"content":{"rendered":"<div class=\"entry_content clear\">\n<p>H\u00e4r kan du l\u00e4sa lite om varf\u00f6r<br \/>\nvi skapade MY<strong>iNNER<\/strong>ME, och vad<br \/>\ner familj kan ha appen till<\/p>\n<\/div>\n","protected":false},"excerpt":{"rendered":"<p>H\u00e4r kan du l\u00e4sa lite om varf\u00f6r vi skapade MYiNNERME, och vad er familj kan ha appen till<\/p>\n","protected":false},"author":1,"featured_media":1163,"parent":0,"menu_order":0,"comment_status":"closed","ping_status":"closed","template":"","meta":[],"yoast_head":"<!-- This site is optimized with the Yoast SEO plugin v15.7 - https:\/\/yoast.com\/wordpress\/plugins\/seo\/ -->\n<meta name=\"robots\" content=\"index, follow, max-snippet:-1, max-image-preview:large, max-video-preview:-1\" \/>\n<link rel=\"canonical\" href=\"https:\/\/myinnerme.com\/sv\/tanken-bakom\/\" \/>\n<meta property=\"og:locale\" content=\"sv_SE\" \/>\n<meta property=\"og:type\" content=\"article\" \/>\n<meta property=\"og:title\" content=\"Tanken bakom - MYiNNERME\" \/>\n<meta property=\"og:description\" content=\"H\u00e4r kan du l\u00e4sa lite om varf\u00f6r vi skapade MYiNNERME, och vad er familj kan ha appen till\" \/>\n<meta property=\"og:url\" content=\"https:\/\/myinnerme.com\/sv\/tanken-bakom\/\" \/>\n<meta property=\"og:site_name\" content=\"MYiNNERME\" \/>\n<meta property=\"article:publisher\" content=\"https:\/\/www.facebook.com\/myinnermeapp.dk\" \/>\n<meta property=\"article:modified_time\" content=\"2021-09-21T08:27:27+00:00\" \/>\n<meta property=\"og:image\" content=\"https:\/\/myinnerme.com\/wp-content\/uploads\/2018\/10\/single_program_content.png\" \/>\n\t<meta property=\"og:image:width\" content=\"1438\" \/>\n\t<meta property=\"og:image:height\" content=\"410\" \/>\n<meta name=\"twitter:card\" content=\"summary_large_image\" \/>\n<meta name=\"twitter:label1\" content=\"Est. reading time\">\n\t<meta name=\"twitter:data1\" content=\"1 minute\">\n<script type=\"application\/ld+json\" class=\"yoast-schema-graph\">{\"@context\":\"https:\/\/schema.org\",\"@graph\":[{\"@type\":\"WebSite\",\"@id\":\"https:\/\/myinnerme.com\/#website\",\"url\":\"https:\/\/myinnerme.com\/\",\"name\":\"MYiNNERME\",\"description\":\"Hj\\u00e6lp til dit indre jeg\",\"potentialAction\":[{\"@type\":\"SearchAction\",\"target\":\"https:\/\/myinnerme.com\/?s={search_term_string}\",\"query-input\":\"required name=search_term_string\"}],\"inLanguage\":\"sv-SE\"},{\"@type\":\"ImageObject\",\"@id\":\"https:\/\/myinnerme.com\/sv\/tanken-bakom\/#primaryimage\",\"inLanguage\":\"sv-SE\",\"url\":\"https:\/\/myinnerme.com\/wp-content\/uploads\/2018\/10\/single_program_content.png\",\"width\":1438,\"height\":410},{\"@type\":\"WebPage\",\"@id\":\"https:\/\/myinnerme.com\/sv\/tanken-bakom\/#webpage\",\"url\":\"https:\/\/myinnerme.com\/sv\/tanken-bakom\/\",\"name\":\"Tanken bakom - MYiNNERME\",\"isPartOf\":{\"@id\":\"https:\/\/myinnerme.com\/#website\"},\"primaryImageOfPage\":{\"@id\":\"https:\/\/myinnerme.com\/sv\/tanken-bakom\/#primaryimage\"},\"datePublished\":\"2018-10-12T18:49:48+00:00\",\"dateModified\":\"2021-09-21T08:27:27+00:00\",\"inLanguage\":\"sv-SE\",\"potentialAction\":[{\"@type\":\"ReadAction\",\"target\":[\"https:\/\/myinnerme.com\/sv\/tanken-bakom\/\"]}]}]}<\/script>\n<!-- \/ Yoast SEO plugin. -->","_links":{"self":[{"href":"https:\/\/myinnerme.com\/sv\/wp-json\/wp\/v2\/pages\/1161"}],"collection":[{"href":"https:\/\/myinnerme.com\/sv\/wp-json\/wp\/v2\/pages"}],"about":[{"href":"https:\/\/myinnerme.com\/sv\/wp-json\/wp\/v2\/types\/page"}],"author":[{"embeddable":true,"href":"https:\/\/myinnerme.com\/sv\/wp-json\/wp\/v2\/users\/1"}],"replies":[{"embeddable":true,"href":"https:\/\/myinnerme.com\/sv\/wp-json\/wp\/v2\/comments?post=1161"}],"version-history":[{"count":2,"href":"https:\/\/myinnerme.com\/sv\/wp-json\/wp\/v2\/pages\/1161\/revisions"}],"predecessor-version":[{"id":3562,"href":"https:\/\/myinnerme.com\/sv\/wp-json\/wp\/v2\/pages\/1161\/revisions\/3562"}],"wp:featuredmedia":[{"embeddable":true,"href":"https:\/\/myinnerme.com\/sv\/wp-json\/wp\/v2\/media\/1163"}],"wp:attachment":[{"href":"https:\/\/myinnerme.com\/sv\/wp-json\/wp\/v2\/media?parent=1161"}],"curies":[{"name":"wp","href":"https:\/\/api.w.org\/{rel}","templated":true}]}}