{"id":1157,"date":"2018-10-12T18:49:48","date_gmt":"2018-10-12T18:49:48","guid":{"rendered":"https:\/\/myinnerme.com\/ekstern-hjaelp\/"},"modified":"2020-01-03T09:21:51","modified_gmt":"2020-01-03T08:21:51","slug":"ekstern-hjaelp","status":"publish","type":"page","link":"https:\/\/myinnerme.com\/sv\/ekstern-hjaelp\/","title":{"rendered":"Extern hj\u00e4lp"},"content":{"rendered":"<div class=\"entry_content clear\">\n<p style=\"text-align: left;\"><span>H\u00e4r f\u00e5r du mer inspiration<br \/>\n<\/span><span>som kanske kan hj\u00e4lpa dig.<\/span><\/p>\n<\/div>\n","protected":false},"excerpt":{"rendered":"<p>H\u00e4r f\u00e5r du mer inspiration som kanske kan hj\u00e4lpa dig.<\/p>\n","protected":false},"author":3,"featured_media":1159,"parent":0,"menu_order":0,"comment_status":"closed","ping_status":"closed","template":"","meta":[],"yoast_head":"<!-- This site is optimized with the Yoast SEO plugin v15.7 - https:\/\/yoast.com\/wordpress\/plugins\/seo\/ -->\n<meta name=\"robots\" content=\"index, follow, max-snippet:-1, max-image-preview:large, max-video-preview:-1\" \/>\n<link rel=\"canonical\" href=\"https:\/\/myinnerme.com\/sv\/ekstern-hjaelp\/\" \/>\n<meta property=\"og:locale\" content=\"sv_SE\" \/>\n<meta property=\"og:type\" content=\"article\" \/>\n<meta property=\"og:title\" content=\"Extern hj\u00e4lp - MYiNNERME\" \/>\n<meta property=\"og:description\" content=\"H\u00e4r f\u00e5r du mer inspiration som kanske kan hj\u00e4lpa dig.\" \/>\n<meta property=\"og:url\" content=\"https:\/\/myinnerme.com\/sv\/ekstern-hjaelp\/\" \/>\n<meta property=\"og:site_name\" content=\"MYiNNERME\" \/>\n<meta property=\"article:publisher\" content=\"https:\/\/www.facebook.com\/myinnermeapp.dk\" \/>\n<meta property=\"article:modified_time\" content=\"2020-01-03T08:21:51+00:00\" \/>\n<meta property=\"og:image\" content=\"https:\/\/myinnerme.com\/wp-content\/uploads\/2019\/02\/Sk\u00e6rmbillede-2019-02-08-kl.-13.24.51.png\" \/>\n\t<meta property=\"og:image:width\" content=\"1445\" \/>\n\t<meta property=\"og:image:height\" content=\"409\" \/>\n<meta name=\"twitter:card\" content=\"summary_large_image\" \/>\n<script type=\"application\/ld+json\" class=\"yoast-schema-graph\">{\"@context\":\"https:\/\/schema.org\",\"@graph\":[{\"@type\":\"WebSite\",\"@id\":\"https:\/\/myinnerme.com\/#website\",\"url\":\"https:\/\/myinnerme.com\/\",\"name\":\"MYiNNERME\",\"description\":\"Hj\\u00e6lp til dit indre jeg\",\"potentialAction\":[{\"@type\":\"SearchAction\",\"target\":\"https:\/\/myinnerme.com\/?s={search_term_string}\",\"query-input\":\"required name=search_term_string\"}],\"inLanguage\":\"sv-SE\"},{\"@type\":\"ImageObject\",\"@id\":\"https:\/\/myinnerme.com\/sv\/ekstern-hjaelp\/#primaryimage\",\"inLanguage\":\"sv-SE\",\"url\":\"https:\/\/myinnerme.com\/wp-content\/uploads\/2019\/02\/Sk\\u00e6rmbillede-2019-02-08-kl.-13.24.51.png\",\"width\":1445,\"height\":409},{\"@type\":\"WebPage\",\"@id\":\"https:\/\/myinnerme.com\/sv\/ekstern-hjaelp\/#webpage\",\"url\":\"https:\/\/myinnerme.com\/sv\/ekstern-hjaelp\/\",\"name\":\"Extern hj\\u00e4lp - MYiNNERME\",\"isPartOf\":{\"@id\":\"https:\/\/myinnerme.com\/#website\"},\"primaryImageOfPage\":{\"@id\":\"https:\/\/myinnerme.com\/sv\/ekstern-hjaelp\/#primaryimage\"},\"datePublished\":\"2018-10-12T18:49:48+00:00\",\"dateModified\":\"2020-01-03T08:21:51+00:00\",\"inLanguage\":\"sv-SE\",\"potentialAction\":[{\"@type\":\"ReadAction\",\"target\":[\"https:\/\/myinnerme.com\/sv\/ekstern-hjaelp\/\"]}]}]}<\/script>\n<!-- \/ Yoast SEO plugin. -->","_links":{"self":[{"href":"https:\/\/myinnerme.com\/sv\/wp-json\/wp\/v2\/pages\/1157"}],"collection":[{"href":"https:\/\/myinnerme.com\/sv\/wp-json\/wp\/v2\/pages"}],"about":[{"href":"https:\/\/myinnerme.com\/sv\/wp-json\/wp\/v2\/types\/page"}],"author":[{"embeddable":true,"href":"https:\/\/myinnerme.com\/sv\/wp-json\/wp\/v2\/users\/3"}],"replies":[{"embeddable":true,"href":"https:\/\/myinnerme.com\/sv\/wp-json\/wp\/v2\/comments?post=1157"}],"version-history":[{"count":2,"href":"https:\/\/myinnerme.com\/sv\/wp-json\/wp\/v2\/pages\/1157\/revisions"}],"predecessor-version":[{"id":1572,"href":"https:\/\/myinnerme.com\/sv\/wp-json\/wp\/v2\/pages\/1157\/revisions\/1572"}],"wp:featuredmedia":[{"embeddable":true,"href":"https:\/\/myinnerme.com\/sv\/wp-json\/wp\/v2\/media\/1159"}],"wp:attachment":[{"href":"https:\/\/myinnerme.com\/sv\/wp-json\/wp\/v2\/media?parent=1157"}],"curies":[{"name":"wp","href":"https:\/\/api.w.org\/{rel}","templated":true}]}}