{"id":1147,"date":"2020-12-16T02:00:24","date_gmt":"2020-12-16T01:00:24","guid":{"rendered":"https:\/\/myinnerme.com\/abonnement\/"},"modified":"2023-03-28T22:55:43","modified_gmt":"2023-03-28T20:55:43","slug":"abonnement","status":"publish","type":"page","link":"https:\/\/myinnerme.com\/sv\/abonnement\/","title":{"rendered":"Familjeabonnemang"},"content":{"rendered":"<div class=\"entry_content clear\">\n<p>Appen motsvarar inte att g\u00e5 hos en psykolog f\u00f6r ca 1 000 SEK per bes\u00f6k.<br \/>\nAppen \u00e4r f\u00f6rebyggande.<\/p>\n<p>Med ett familjeabonnemang har du m\u00f6jlighet att dela abonnemanget med hela din familj.<br \/>\nDu kan v\u00e4lja att betala varje m\u00e5nad, per kvartal eller k\u00f6pa ett \u00e5rsabonnemang.<\/p>\n<div class=\"subscription\">\n<div class=\"top\">\n<p>M\u00e5nedsabonnemang<\/p>\n<div class=\"price\">39 SEK<\/div>\n<\/div>\n<div class=\"bottom\">\n<div>Betala varje m\u00e5nad.<br \/>\nS\u00e4g upp n\u00e4r som helst.<\/div>\n<\/div>\n<p><a href=\"https:\/\/itunes.apple.com\/app\/id1453504450#?platform=iphone\" class=\"box_link\"><\/a><\/p>\n<\/div>\n<div class=\"subscription\">\n<div class=\"top\">\n<p>Kvartalsabonnemang<\/p>\n<div class=\"price\">129 SEK<\/div>\n<\/div>\n<div class=\"bottom\">\n<div><span>Betala var tredje m\u00e5nad.<\/span><br \/>\nS\u00e4g upp n\u00e4r som helst.<\/div>\n<\/div>\n<p><a href=\"https:\/\/itunes.apple.com\/app\/id1453504450#?platform=iphone\" class=\"box_link\"><\/a><\/p>\n<\/div>\n<div class=\"subscription\">\n<div class=\"top\">\n<p>\u00c5rsabonnemang<\/p>\n<div class=\"price\">249 SEK<\/div>\n<\/div>\n<div class=\"bottom\">\n<div><span>Betala en g\u00e5ng om \u00e5ret.<\/span><br \/>\nS\u00e4g upp n\u00e4r som helst.<\/div>\n<p><a href=\"https:\/\/itunes.apple.com\/app\/id1453504450#?platform=iphone\" class=\"box_link\"><\/a><\/p>\n<\/div>\n<\/div>\n<\/div>\n","protected":false},"excerpt":{"rendered":"<p>Appen motsvarar inte att g\u00e5 hos en psykolog f\u00f6r ca 1 000 SEK per bes\u00f6k. Appen \u00e4r f\u00f6rebyggande. Med ett familjeabonnemang har du m\u00f6jlighet att dela abonnemanget med hela din familj. Du kan v\u00e4lja att betala varje m\u00e5nad, per kvartal eller k\u00f6pa ett \u00e5rsabonnemang. M\u00e5nedsabonnemang 39 SEK Betala varje m\u00e5nad. S\u00e4g upp n\u00e4r som helst. [&hellip;]<\/p>\n","protected":false},"author":1,"featured_media":0,"parent":0,"menu_order":0,"comment_status":"closed","ping_status":"closed","template":"","meta":[],"yoast_head":"<!-- This site is optimized with the Yoast SEO plugin v15.7 - https:\/\/yoast.com\/wordpress\/plugins\/seo\/ -->\n<meta name=\"robots\" content=\"index, follow, max-snippet:-1, max-image-preview:large, max-video-preview:-1\" \/>\n<link rel=\"canonical\" href=\"https:\/\/myinnerme.com\/sv\/abonnement\/\" \/>\n<meta property=\"og:locale\" content=\"sv_SE\" \/>\n<meta property=\"og:type\" content=\"article\" \/>\n<meta property=\"og:title\" content=\"Familjeabonnemang - MYiNNERME\" \/>\n<meta property=\"og:description\" content=\"Appen motsvarar inte att g\u00e5 hos en psykolog f\u00f6r ca 1 000 SEK per bes\u00f6k. Appen \u00e4r f\u00f6rebyggande. Med ett familjeabonnemang har du m\u00f6jlighet att dela abonnemanget med hela din familj. Du kan v\u00e4lja att betala varje m\u00e5nad, per kvartal eller k\u00f6pa ett \u00e5rsabonnemang. M\u00e5nedsabonnemang 39 SEK Betala varje m\u00e5nad. S\u00e4g upp n\u00e4r som helst. [&hellip;]\" \/>\n<meta property=\"og:url\" content=\"https:\/\/myinnerme.com\/sv\/abonnement\/\" \/>\n<meta property=\"og:site_name\" content=\"MYiNNERME\" \/>\n<meta property=\"article:publisher\" content=\"https:\/\/www.facebook.com\/myinnermeapp.dk\" \/>\n<meta property=\"article:modified_time\" content=\"2023-03-28T20:55:43+00:00\" \/>\n<meta name=\"twitter:card\" content=\"summary_large_image\" \/>\n<meta name=\"twitter:label1\" content=\"Est. reading time\">\n\t<meta name=\"twitter:data1\" content=\"1 minute\">\n<script type=\"application\/ld+json\" class=\"yoast-schema-graph\">{\"@context\":\"https:\/\/schema.org\",\"@graph\":[{\"@type\":\"WebSite\",\"@id\":\"https:\/\/myinnerme.com\/#website\",\"url\":\"https:\/\/myinnerme.com\/\",\"name\":\"MYiNNERME\",\"description\":\"Hj\\u00e6lp til dit indre jeg\",\"potentialAction\":[{\"@type\":\"SearchAction\",\"target\":\"https:\/\/myinnerme.com\/?s={search_term_string}\",\"query-input\":\"required name=search_term_string\"}],\"inLanguage\":\"sv-SE\"},{\"@type\":\"WebPage\",\"@id\":\"https:\/\/myinnerme.com\/sv\/abonnement\/#webpage\",\"url\":\"https:\/\/myinnerme.com\/sv\/abonnement\/\",\"name\":\"Familjeabonnemang - MYiNNERME\",\"isPartOf\":{\"@id\":\"https:\/\/myinnerme.com\/#website\"},\"datePublished\":\"2020-12-16T01:00:24+00:00\",\"dateModified\":\"2023-03-28T20:55:43+00:00\",\"inLanguage\":\"sv-SE\",\"potentialAction\":[{\"@type\":\"ReadAction\",\"target\":[\"https:\/\/myinnerme.com\/sv\/abonnement\/\"]}]}]}<\/script>\n<!-- \/ Yoast SEO plugin. -->","_links":{"self":[{"href":"https:\/\/myinnerme.com\/sv\/wp-json\/wp\/v2\/pages\/1147"}],"collection":[{"href":"https:\/\/myinnerme.com\/sv\/wp-json\/wp\/v2\/pages"}],"about":[{"href":"https:\/\/myinnerme.com\/sv\/wp-json\/wp\/v2\/types\/page"}],"author":[{"embeddable":true,"href":"https:\/\/myinnerme.com\/sv\/wp-json\/wp\/v2\/users\/1"}],"replies":[{"embeddable":true,"href":"https:\/\/myinnerme.com\/sv\/wp-json\/wp\/v2\/comments?post=1147"}],"version-history":[{"count":19,"href":"https:\/\/myinnerme.com\/sv\/wp-json\/wp\/v2\/pages\/1147\/revisions"}],"predecessor-version":[{"id":4387,"href":"https:\/\/myinnerme.com\/sv\/wp-json\/wp\/v2\/pages\/1147\/revisions\/4387"}],"wp:attachment":[{"href":"https:\/\/myinnerme.com\/sv\/wp-json\/wp\/v2\/media?parent=1147"}],"curies":[{"name":"wp","href":"https:\/\/api.w.org\/{rel}","templated":true}]}}