{"id":19,"date":"2018-10-05T18:59:08","date_gmt":"2018-10-05T18:59:08","guid":{"rendered":"https:\/\/myinnerme.com\/?page_id=19"},"modified":"2025-09-04T07:53:50","modified_gmt":"2025-09-04T05:53:50","slug":"forside","status":"publish","type":"page","link":"https:\/\/myinnerme.com\/da\/","title":{"rendered":"Forside"},"content":{"rendered":"\n","protected":false},"excerpt":{"rendered":"","protected":false},"author":1,"featured_media":0,"parent":0,"menu_order":0,"comment_status":"closed","ping_status":"closed","template":"","meta":[],"yoast_head":"<!-- This site is optimized with the Yoast SEO plugin v15.7 - https:\/\/yoast.com\/wordpress\/plugins\/seo\/ -->\n<meta name=\"description\" content=\"MYiNNERME-appen l\u00e6rer b\u00e5de b\u00f8rn og for\u00e6ldre, hvordan man h\u00e5ndterer f\u00f8lelser - med fokus p\u00e5 trivsel.\" \/>\n<meta name=\"robots\" content=\"index, follow, max-snippet:-1, max-image-preview:large, max-video-preview:-1\" \/>\n<link rel=\"canonical\" href=\"https:\/\/myinnerme.com\/da\/\" \/>\n<meta property=\"og:locale\" content=\"da_DK\" \/>\n<meta property=\"og:type\" content=\"article\" \/>\n<meta property=\"og:title\" content=\"MY INNER ME - kvalitetssikret app til mental trivsel\" \/>\n<meta property=\"og:description\" content=\"MYiNNERME-appen l\u00e6rer b\u00e5de b\u00f8rn og for\u00e6ldre, hvordan man h\u00e5ndterer f\u00f8lelser - med fokus p\u00e5 trivsel.\" \/>\n<meta property=\"og:url\" content=\"https:\/\/myinnerme.com\/da\/\" \/>\n<meta property=\"og:site_name\" content=\"MYiNNERME\" \/>\n<meta property=\"article:publisher\" content=\"https:\/\/www.facebook.com\/myinnermeapp.dk\" \/>\n<meta property=\"article:modified_time\" content=\"2025-09-04T05:53:50+00:00\" \/>\n<meta name=\"twitter:card\" content=\"summary_large_image\" \/>\n<script type=\"application\/ld+json\" class=\"yoast-schema-graph\">{\"@context\":\"https:\/\/schema.org\",\"@graph\":[{\"@type\":\"WebSite\",\"@id\":\"https:\/\/myinnerme.com\/#website\",\"url\":\"https:\/\/myinnerme.com\/\",\"name\":\"MYiNNERME\",\"description\":\"Hj\\u00e6lp til dit indre jeg\",\"potentialAction\":[{\"@type\":\"SearchAction\",\"target\":\"https:\/\/myinnerme.com\/?s={search_term_string}\",\"query-input\":\"required name=search_term_string\"}],\"inLanguage\":\"da-DK\"},{\"@type\":\"WebPage\",\"@id\":\"https:\/\/myinnerme.com\/da\/#webpage\",\"url\":\"https:\/\/myinnerme.com\/da\/\",\"name\":\"MY INNER ME - kvalitetssikret app til mental trivsel\",\"isPartOf\":{\"@id\":\"https:\/\/myinnerme.com\/#website\"},\"datePublished\":\"2018-10-05T18:59:08+00:00\",\"dateModified\":\"2025-09-04T05:53:50+00:00\",\"description\":\"MYiNNERME-appen l\\u00e6rer b\\u00e5de b\\u00f8rn og for\\u00e6ldre, hvordan man h\\u00e5ndterer f\\u00f8lelser - med fokus p\\u00e5 trivsel.\",\"inLanguage\":\"da-DK\",\"potentialAction\":[{\"@type\":\"ReadAction\",\"target\":[\"https:\/\/myinnerme.com\/da\/\"]}]}]}<\/script>\n<!-- \/ Yoast SEO plugin. -->","_links":{"self":[{"href":"https:\/\/myinnerme.com\/da\/wp-json\/wp\/v2\/pages\/19"}],"collection":[{"href":"https:\/\/myinnerme.com\/da\/wp-json\/wp\/v2\/pages"}],"about":[{"href":"https:\/\/myinnerme.com\/da\/wp-json\/wp\/v2\/types\/page"}],"author":[{"embeddable":true,"href":"https:\/\/myinnerme.com\/da\/wp-json\/wp\/v2\/users\/1"}],"replies":[{"embeddable":true,"href":"https:\/\/myinnerme.com\/da\/wp-json\/wp\/v2\/comments?post=19"}],"version-history":[{"count":18,"href":"https:\/\/myinnerme.com\/da\/wp-json\/wp\/v2\/pages\/19\/revisions"}],"predecessor-version":[{"id":5345,"href":"https:\/\/myinnerme.com\/da\/wp-json\/wp\/v2\/pages\/19\/revisions\/5345"}],"wp:attachment":[{"href":"https:\/\/myinnerme.com\/da\/wp-json\/wp\/v2\/media?parent=19"}],"curies":[{"name":"wp","href":"https:\/\/api.w.org\/{rel}","templated":true}]}}